{"id":476,"date":"2026-01-22T10:00:35","date_gmt":"2026-01-22T09:00:35","guid":{"rendered":"https:\/\/www.hotelscaligero.com\/request\/"},"modified":"2026-02-11T11:06:17","modified_gmt":"2026-02-11T10:06:17","slug":"anfrage","status":"publish","type":"page","link":"https:\/\/www.hotelscaligero.com\/de\/anfrage\/","title":{"rendered":"Anfrage"},"content":{"rendered":"<section class=\"l-section wpb_row us_custom_3a797162 height_medium\"><div class=\"l-section-overlay\" style=\"background:rgba(0,0,0,0.22)\"><\/div><div class=\"l-section-h i-cf\"><div class=\"g-cols vc_row via_flex valign_middle type_default stacking_default\"><div class=\"vc_col-sm-12 wpb_column vc_column_container\"><div class=\"vc_column-inner us_custom_0bdd6d24\"><div class=\"wpb_wrapper\"><\/div><\/div><\/div><\/div><\/div><\/section><section class=\"l-section wpb_row us_custom_9ccc05f2 height_auto\"><div class=\"l-section-h i-cf\"><div class=\"g-cols vc_row via_flex valign_middle type_default stacking_default\"><div class=\"vc_col-sm-12 wpb_column vc_column_container\"><div class=\"vc_column-inner\"><div class=\"wpb_wrapper\"><section class=\"l-section wpb_row us_custom_9ccc05f2 height_auto width_full\"><div class=\"l-section-h i-cf\"><div class=\"g-cols vc_row via_flex valign_middle type_default stacking_default\"><div class=\"vc_col-sm-12 wpb_column vc_column_container\"><div class=\"vc_column-inner us_custom_caa759d0\"><div class=\"wpb_wrapper\"><div class=\"w-hwrapper us_custom_cb97da07 valign_top stack_on_mobiles default_align_right laptops_align_right tablets_align_right mobiles_align_center\" style=\"--hwrapper-gap:0.5rem\"><div class=\"w-text us_custom_5b7c6d72 has_text_color\"><a target=\"_blank\" href=\"tel:+390458969130\" class=\"w-text-h\"><span class=\"w-text-value\">(+39) 045 8969130<\/span><\/a><\/div><div class=\"w-text us_custom_a2b2330a has_text_color\"><a target=\"_blank\" href=\"mailto:info@hotelscaligero.com\" class=\"w-text-h\"><span class=\"w-text-value\">info@hotelscaligero.com<\/span><\/a><\/div><\/div><\/div><\/div><\/div><\/div><\/div><\/section>\n<\/div><\/div><\/div><\/div><\/div><\/section><section class=\"l-section wpb_row height_medium\"><div class=\"l-section-h i-cf\"><div class=\"g-cols vc_row via_flex valign_top type_default stacking_default\"><div class=\"vc_col-sm-12 wpb_column vc_column_container\"><div class=\"vc_column-inner\"><div class=\"wpb_wrapper\"><h1 class=\"w-text us_custom_eb849559\"><span class=\"w-text-h\"><span class=\"w-text-value\">Unverbindliche Anfrage Hotel Scaligero<\/span><\/span><\/h1><div class=\"w-separator size_medium\"><\/div><div class=\"w-html us_custom_98e7e502\">\n<div class=\"wpcf7 no-js\" id=\"wpcf7-f446-o1\" lang=\"it-IT\" dir=\"ltr\" data-wpcf7-id=\"446\">\n<div class=\"screen-reader-response\"><p role=\"status\" aria-live=\"polite\" aria-atomic=\"true\"><\/p> <ul><\/ul><\/div>\n<form action=\"\/de\/wp-json\/wp\/v2\/pages\/476#wpcf7-f446-o1\" method=\"post\" class=\"wpcf7-form init\" id=\"cf7_form\" aria-label=\"Modulo di contatto\" novalidate=\"novalidate\" data-status=\"init\">\n<fieldset class=\"hidden-fields-container\"><input type=\"hidden\" name=\"_wpcf7\" value=\"446\" \/><input type=\"hidden\" name=\"_wpcf7_version\" value=\"6.1.5\" \/><input type=\"hidden\" name=\"_wpcf7_locale\" value=\"it_IT\" \/><input type=\"hidden\" name=\"_wpcf7_unit_tag\" value=\"wpcf7-f446-o1\" \/><input type=\"hidden\" name=\"_wpcf7_container_post\" value=\"0\" \/><input type=\"hidden\" name=\"_wpcf7_posted_data_hash\" value=\"\" \/>\n<\/fieldset>\n<div class=\"ondaform g-cols vc_row type_default valign_top\">\n\t<div class=\"vc_col-sm-6 wpb_column vc_column_container sx\">\n\t\t<div class=\"vc_column-inner\">\n\t\t\t<p><label><i class=\"fal fa-calendar-alt\"><\/i> Eincheckdatum <span class=\"ob\">*<\/span><\/label><span class=\"wpcf7-form-control-wrap\" data-name=\"date-arrivo\"><input class=\"wpcf7-form-control wpcf7-date_restrict wpcf7-validates-as-required wpcf7-validates-as-date restrict_date_date-arrivo\" data-min=\"current_date|+|0|d\" data-format=\"dd-mm-yy\" data-sync_max=\"date-partenza\" aria-required=\"true\" aria-invalid=\"false\" placeholder=\"dd-mm-yy\" value=\"\" type=\"text\" name=\"date-arrivo\" \/><\/span>\n\t\t\t<\/p>\n\t\t<\/div>\n\t<\/div>\n\t<div class=\"vc_col-sm-6 wpb_column vc_column_container dx\">\n\t\t<div class=\"vc_column-inner\">\n\t\t\t<p><label><i class=\"fal fa-calendar-alt\"><\/i> Abreisedatum <span class=\"ob\">*<\/span><\/label><span class=\"wpcf7-form-control-wrap\" data-name=\"date-partenza\"><input class=\"wpcf7-form-control wpcf7-date_restrict wpcf7-validates-as-required wpcf7-validates-as-date restrict_date_date-partenza\" data-min=\"current_date|+|0|d\" data-format=\"dd-mm-yy\" data-sync_min=\"date-arrivo\" aria-required=\"true\" aria-invalid=\"false\" placeholder=\"dd-mm-yy\" value=\"\" type=\"text\" name=\"date-partenza\" \/><\/span>\n\t\t\t<\/p>\n\t\t<\/div>\n\t<\/div>\n\t<div class=\"vc_col-sm-6 wpb_column vc_column_container sx\">\n\t\t<div class=\"vc_column-inner\">\n\t\t\t<p><label>Dein Name <span class=\"ob\">*<\/span><\/label><span class=\"wpcf7-form-control-wrap\" data-name=\"text-nome\"><input size=\"40\" maxlength=\"400\" class=\"wpcf7-form-control wpcf7-text wpcf7-validates-as-required\" id=\"cf7_nome\" aria-required=\"true\" aria-invalid=\"false\" value=\"\" type=\"text\" name=\"text-nome\" \/><\/span>\n\t\t\t<\/p>\n\t\t<\/div>\n\t<\/div>\n\t<div class=\"vc_col-sm-6 wpb_column vc_column_container dx\">\n\t\t<div class=\"vc_column-inner\">\n\t\t\t<p><label>Dein Telefon <span class=\"ob\">*<\/span><\/label><span class=\"wpcf7-form-control-wrap\" data-name=\"tel\"><input size=\"40\" maxlength=\"400\" class=\"wpcf7-form-control wpcf7-tel wpcf7-validates-as-required wpcf7-text wpcf7-validates-as-tel\" id=\"cf7_telefono\" aria-required=\"true\" aria-invalid=\"false\" value=\"\" type=\"tel\" name=\"tel\" \/><\/span>\n\t\t\t<\/p>\n\t\t<\/div>\n\t<\/div>\n\t<div class=\"vc_col-sm-6 wpb_column vc_column_container sx\">\n\t\t<div class=\"vc_column-inner\">\n\t\t\t<p><label>Deine E-Mail <span class=\"ob\">*<\/span><\/label><span class=\"wpcf7-form-control-wrap\" data-name=\"email\"><input size=\"40\" maxlength=\"400\" class=\"wpcf7-form-control wpcf7-email wpcf7-validates-as-required wpcf7-text wpcf7-validates-as-email\" id=\"cf7_email\" aria-required=\"true\" aria-invalid=\"false\" value=\"\" type=\"email\" name=\"email\" \/><\/span>\n\t\t\t<\/p>\n\t\t<\/div>\n\t<\/div>\n\t<div class=\"vc_col-sm-6 wpb_column vc_column_container dx\">\n\t\t<div class=\"vc_column-inner\">\n\t\t\t<p><label>Wiederholen Sie die E-Mail-Adresse <span class=\"ob\">*<\/span><\/label><span class=\"wpcf7-form-control-wrap\" data-name=\"ripetiemail\"><input size=\"40\" maxlength=\"400\" class=\"wpcf7-form-control wpcf7-email wpcf7-validates-as-required wpcf7-text wpcf7-validates-as-email\" id=\"cf7_ripetiemail\" aria-required=\"true\" aria-invalid=\"false\" value=\"\" type=\"email\" name=\"ripetiemail\" \/><\/span>\n\t\t\t<\/p>\n\t\t<\/div>\n\t<\/div>\n\t<div class=\"vc_col-sm-12 wpb_column vc_column_container\">\n\t\t<div class=\"vc_column-inner\">\n\t\t\t<p><label>Ihre Anfrage<\/label><span class=\"wpcf7-form-control-wrap\" data-name=\"textarea-richiesta\"><textarea cols=\"40\" rows=\"10\" maxlength=\"2000\" class=\"wpcf7-form-control wpcf7-textarea\" id=\"cf7_richiesta\" aria-invalid=\"false\" name=\"textarea-richiesta\"><\/textarea><\/span>\n\t\t\t<\/p>\n\t\t<\/div>\n\t<\/div>\n\t<div class=\"vc_col-sm-12 wpb_column vc_column_container sx\">\n\t\t<div class=\"vc_column-inner iubenda\">\n\t\t\t<p><label>ERKL\u00c4RUNG ZUR DSGVO<\/label>\n\t\t\t<\/p>\n\t\t\t<p><a href=\"https:\/\/www.iubenda.com\/privacy-policy\/48550665\" class=\"iubenda-nostyle no-brand iubenda-noiframe iubenda-embed\" title=\"Datenschutzerkl\u00e4rung \"><i class=\"fal fa-info-circle\"><\/i> Datenschutz-Bestimmungen<\/a><script type=\"text\/javascript\">(function (w,d) {var loader = function () {var s = d.createElement(\"script\"), tag = d.getElementsByTagName(\"script\")[0]; s.src=\"https:\/\/cdn.iubenda.com\/iubenda.js\"; tag.parentNode.insertBefore(s,tag);}; if(w.addEventListener){w.addEventListener(\"load\", loader, false);}else if(w.attachEvent){w.attachEvent(\"onload\", loader);}else{w.onload = loader;}})(window, document);<\/script>\n\t\t\t<\/p>\n\t\t\t<div class=\"accettazione\">\n\t\t\t\t<p><span class=\"wpcf7-form-control-wrap\" data-name=\"acceptance-privacy\"><span class=\"wpcf7-form-control wpcf7-acceptance\"><span class=\"wpcf7-list-item\"><label><input type=\"checkbox\" name=\"acceptance-privacy\" value=\"1\" aria-invalid=\"false\" \/><span class=\"wpcf7-list-item-label\">Ja, ich erkl\u00e4re, dass ich die hier aufgef\u00fchrten Bedingungen gelesen und akzeptiert habe <span class=\"ob\">*<\/span><\/span><\/label><\/span><\/span><\/span>\n\t\t\t\t<\/p>\n\t\t\t<\/div>\n\t\t<\/div>\n\t<\/div>\n\t<div class=\"vc_col-sm-12 wpb_column vc_column_container dx\">\n\t\t<div class=\"vc_column-inner\">\n\t\t\t<p><span id=\"wpcf7-69f1483fea567-wrapper\" class=\"wpcf7-form-control-wrap cognome-wrap\" ><input type=\"hidden\" name=\"cognome-time-start\" value=\"1777420351\"><input type=\"hidden\" name=\"cognome-time-check\" value=\"5\"><label for=\"wpcf7-69f1483fea567-field\" class=\"hp-message\">Si prega di lasciare vuoto questo campo.<\/label><input id=\"wpcf7-69f1483fea567-field\"  class=\"wpcf7-form-control wpcf7-text\" type=\"text\" name=\"cognome\" value=\"\" size=\"40\" tabindex=\"-1\" autocomplete=\"new-password\" \/><\/span><input class=\"wpcf7-form-control wpcf7-submit has-spinner\" id=\"cf7_invia\" type=\"submit\" value=\"Anfrage absenden\" \/>\n\t\t\t<\/p>\n\t\t<\/div>\n\t<\/div>\n<\/div><div class=\"wpcf7-response-output\" aria-hidden=\"true\"><\/div>\n<\/form>\n<\/div>\n<\/div><\/div><\/div><\/div><\/div><\/div><\/section>\n","protected":false},"excerpt":{"rendered":"(+39) 045 8969130info@hotelscaligero.com Unverbindliche Anfrage Hotel Scaligero Eincheckdatum * Abreisedatum * Dein Name * Dein Telefon * Deine E-Mail * Wiederholen Sie die E-Mail-Adresse * Ihre Anfrage ERKL\u00c4RUNG ZUR DSGVO Datenschutz-Bestimmungen Ja, ich erkl\u00e4re, dass ich die hier aufgef\u00fchrten Bedingungen gelesen und akzeptiert habe * Si prega di lasciare vuoto questo campo.","protected":false},"author":1,"featured_media":336,"parent":0,"menu_order":0,"comment_status":"closed","ping_status":"closed","template":"","meta":{"inline_featured_image":false,"footnotes":""},"class_list":["post-476","page","type-page","status-publish","has-post-thumbnail","hentry"],"yoast_head":"<!-- This site is optimized with the Yoast SEO plugin v26.9 - https:\/\/yoast.com\/product\/yoast-seo-wordpress\/ -->\n<title>Kontakte Hotel in der N\u00e4he des Flughafens Verona | Hotel Scaligero<\/title>\n<meta name=\"description\" content=\"Kontaktieren Sie das Hotel Scaligero in Sommacampagna. Hotel in der N\u00e4he des Flughafens Verona und der Autobahn A4. Reservierungen und Informationen.\" \/>\n<meta name=\"robots\" content=\"index, follow, max-snippet:-1, max-image-preview:large, max-video-preview:-1\" \/>\n<link rel=\"canonical\" href=\"https:\/\/www.hotelscaligero.com\/de\/anfrage\/\" \/>\n<meta property=\"og:locale\" content=\"de_DE\" \/>\n<meta property=\"og:type\" content=\"article\" \/>\n<meta property=\"og:title\" content=\"Kontakte Hotel in der N\u00e4he des Flughafens Verona | Hotel Scaligero\" \/>\n<meta property=\"og:description\" content=\"Kontaktieren Sie das Hotel Scaligero in Sommacampagna. Hotel in der N\u00e4he des Flughafens Verona und der Autobahn A4. Reservierungen und Informationen.\" \/>\n<meta property=\"og:url\" content=\"https:\/\/www.hotelscaligero.com\/de\/anfrage\/\" \/>\n<meta property=\"og:site_name\" content=\"Hotel Scaligero\" \/>\n<meta property=\"article:modified_time\" content=\"2026-02-11T10:06:17+00:00\" \/>\n<meta property=\"og:image\" content=\"https:\/\/www.hotelscaligero.com\/wp-content\/uploads\/2026\/01\/MA0_1982.jpg\" \/>\n\t<meta property=\"og:image:width\" content=\"1920\" \/>\n\t<meta property=\"og:image:height\" content=\"1280\" \/>\n\t<meta property=\"og:image:type\" content=\"image\/jpeg\" \/>\n<meta name=\"twitter:card\" content=\"summary_large_image\" \/>\n<meta name=\"twitter:label1\" content=\"Gesch\u00e4tzte Lesezeit\" \/>\n\t<meta name=\"twitter:data1\" content=\"1\u00a0Minute\" \/>\n<script type=\"application\/ld+json\" class=\"yoast-schema-graph\">{\"@context\":\"https:\/\/schema.org\",\"@graph\":[{\"@type\":\"WebPage\",\"@id\":\"https:\/\/www.hotelscaligero.com\/de\/anfrage\/\",\"url\":\"https:\/\/www.hotelscaligero.com\/de\/anfrage\/\",\"name\":\"Kontakte Hotel in der N\u00e4he des Flughafens Verona | Hotel Scaligero\",\"isPartOf\":{\"@id\":\"https:\/\/www.hotelscaligero.com\/#website\"},\"primaryImageOfPage\":{\"@id\":\"https:\/\/www.hotelscaligero.com\/de\/anfrage\/#primaryimage\"},\"image\":{\"@id\":\"https:\/\/www.hotelscaligero.com\/de\/anfrage\/#primaryimage\"},\"thumbnailUrl\":\"https:\/\/www.hotelscaligero.com\/wp-content\/uploads\/2026\/01\/MA0_1982.jpg\",\"datePublished\":\"2026-01-22T09:00:35+00:00\",\"dateModified\":\"2026-02-11T10:06:17+00:00\",\"description\":\"Kontaktieren Sie das Hotel Scaligero in Sommacampagna. Hotel in der N\u00e4he des Flughafens Verona und der Autobahn A4. Reservierungen und Informationen.\",\"breadcrumb\":{\"@id\":\"https:\/\/www.hotelscaligero.com\/de\/anfrage\/#breadcrumb\"},\"inLanguage\":\"de\",\"potentialAction\":[{\"@type\":\"ReadAction\",\"target\":[\"https:\/\/www.hotelscaligero.com\/de\/anfrage\/\"]}]},{\"@type\":\"ImageObject\",\"inLanguage\":\"de\",\"@id\":\"https:\/\/www.hotelscaligero.com\/de\/anfrage\/#primaryimage\",\"url\":\"https:\/\/www.hotelscaligero.com\/wp-content\/uploads\/2026\/01\/MA0_1982.jpg\",\"contentUrl\":\"https:\/\/www.hotelscaligero.com\/wp-content\/uploads\/2026\/01\/MA0_1982.jpg\",\"width\":1920,\"height\":1280,\"caption\":\"Hotel vicino aeroporto Verona e A4 | Hotel Scaligero Sommacampagna\"},{\"@type\":\"BreadcrumbList\",\"@id\":\"https:\/\/www.hotelscaligero.com\/de\/anfrage\/#breadcrumb\",\"itemListElement\":[{\"@type\":\"ListItem\",\"position\":1,\"name\":\"Home\",\"item\":\"https:\/\/www.hotelscaligero.com\/de\/\"},{\"@type\":\"ListItem\",\"position\":2,\"name\":\"Anfrage\"}]},{\"@type\":\"WebSite\",\"@id\":\"https:\/\/www.hotelscaligero.com\/#website\",\"url\":\"https:\/\/www.hotelscaligero.com\/\",\"name\":\"Hotel Scaligero\",\"description\":\"Hotel Scaligero\",\"publisher\":{\"@id\":\"https:\/\/www.hotelscaligero.com\/#organization\"},\"potentialAction\":[{\"@type\":\"SearchAction\",\"target\":{\"@type\":\"EntryPoint\",\"urlTemplate\":\"https:\/\/www.hotelscaligero.com\/?s={search_term_string}\"},\"query-input\":{\"@type\":\"PropertyValueSpecification\",\"valueRequired\":true,\"valueName\":\"search_term_string\"}}],\"inLanguage\":\"de\"},{\"@type\":\"Organization\",\"@id\":\"https:\/\/www.hotelscaligero.com\/#organization\",\"name\":\"Hotel Scaligero\",\"url\":\"https:\/\/www.hotelscaligero.com\/\",\"logo\":{\"@type\":\"ImageObject\",\"inLanguage\":\"de\",\"@id\":\"https:\/\/www.hotelscaligero.com\/#\/schema\/logo\/image\/\",\"url\":\"http:\/\/www.hotelscaligero.com\/wp-content\/uploads\/2026\/01\/logo.png\",\"contentUrl\":\"http:\/\/www.hotelscaligero.com\/wp-content\/uploads\/2026\/01\/logo.png\",\"width\":275,\"height\":42,\"caption\":\"Hotel Scaligero\"},\"image\":{\"@id\":\"https:\/\/www.hotelscaligero.com\/#\/schema\/logo\/image\/\"}}]}<\/script>\n<!-- \/ Yoast SEO plugin. -->","yoast_head_json":{"title":"Kontakte Hotel in der N\u00e4he des Flughafens Verona | Hotel Scaligero","description":"Kontaktieren Sie das Hotel Scaligero in Sommacampagna. Hotel in der N\u00e4he des Flughafens Verona und der Autobahn A4. Reservierungen und Informationen.","robots":{"index":"index","follow":"follow","max-snippet":"max-snippet:-1","max-image-preview":"max-image-preview:large","max-video-preview":"max-video-preview:-1"},"canonical":"https:\/\/www.hotelscaligero.com\/de\/anfrage\/","og_locale":"de_DE","og_type":"article","og_title":"Kontakte Hotel in der N\u00e4he des Flughafens Verona | Hotel Scaligero","og_description":"Kontaktieren Sie das Hotel Scaligero in Sommacampagna. Hotel in der N\u00e4he des Flughafens Verona und der Autobahn A4. Reservierungen und Informationen.","og_url":"https:\/\/www.hotelscaligero.com\/de\/anfrage\/","og_site_name":"Hotel Scaligero","article_modified_time":"2026-02-11T10:06:17+00:00","og_image":[{"width":1920,"height":1280,"url":"https:\/\/www.hotelscaligero.com\/wp-content\/uploads\/2026\/01\/MA0_1982.jpg","type":"image\/jpeg"}],"twitter_card":"summary_large_image","twitter_misc":{"Gesch\u00e4tzte Lesezeit":"1\u00a0Minute"},"schema":{"@context":"https:\/\/schema.org","@graph":[{"@type":"WebPage","@id":"https:\/\/www.hotelscaligero.com\/de\/anfrage\/","url":"https:\/\/www.hotelscaligero.com\/de\/anfrage\/","name":"Kontakte Hotel in der N\u00e4he des Flughafens Verona | Hotel Scaligero","isPartOf":{"@id":"https:\/\/www.hotelscaligero.com\/#website"},"primaryImageOfPage":{"@id":"https:\/\/www.hotelscaligero.com\/de\/anfrage\/#primaryimage"},"image":{"@id":"https:\/\/www.hotelscaligero.com\/de\/anfrage\/#primaryimage"},"thumbnailUrl":"https:\/\/www.hotelscaligero.com\/wp-content\/uploads\/2026\/01\/MA0_1982.jpg","datePublished":"2026-01-22T09:00:35+00:00","dateModified":"2026-02-11T10:06:17+00:00","description":"Kontaktieren Sie das Hotel Scaligero in Sommacampagna. Hotel in der N\u00e4he des Flughafens Verona und der Autobahn A4. Reservierungen und Informationen.","breadcrumb":{"@id":"https:\/\/www.hotelscaligero.com\/de\/anfrage\/#breadcrumb"},"inLanguage":"de","potentialAction":[{"@type":"ReadAction","target":["https:\/\/www.hotelscaligero.com\/de\/anfrage\/"]}]},{"@type":"ImageObject","inLanguage":"de","@id":"https:\/\/www.hotelscaligero.com\/de\/anfrage\/#primaryimage","url":"https:\/\/www.hotelscaligero.com\/wp-content\/uploads\/2026\/01\/MA0_1982.jpg","contentUrl":"https:\/\/www.hotelscaligero.com\/wp-content\/uploads\/2026\/01\/MA0_1982.jpg","width":1920,"height":1280,"caption":"Hotel vicino aeroporto Verona e A4 | Hotel Scaligero Sommacampagna"},{"@type":"BreadcrumbList","@id":"https:\/\/www.hotelscaligero.com\/de\/anfrage\/#breadcrumb","itemListElement":[{"@type":"ListItem","position":1,"name":"Home","item":"https:\/\/www.hotelscaligero.com\/de\/"},{"@type":"ListItem","position":2,"name":"Anfrage"}]},{"@type":"WebSite","@id":"https:\/\/www.hotelscaligero.com\/#website","url":"https:\/\/www.hotelscaligero.com\/","name":"Hotel Scaligero","description":"Hotel Scaligero","publisher":{"@id":"https:\/\/www.hotelscaligero.com\/#organization"},"potentialAction":[{"@type":"SearchAction","target":{"@type":"EntryPoint","urlTemplate":"https:\/\/www.hotelscaligero.com\/?s={search_term_string}"},"query-input":{"@type":"PropertyValueSpecification","valueRequired":true,"valueName":"search_term_string"}}],"inLanguage":"de"},{"@type":"Organization","@id":"https:\/\/www.hotelscaligero.com\/#organization","name":"Hotel Scaligero","url":"https:\/\/www.hotelscaligero.com\/","logo":{"@type":"ImageObject","inLanguage":"de","@id":"https:\/\/www.hotelscaligero.com\/#\/schema\/logo\/image\/","url":"http:\/\/www.hotelscaligero.com\/wp-content\/uploads\/2026\/01\/logo.png","contentUrl":"http:\/\/www.hotelscaligero.com\/wp-content\/uploads\/2026\/01\/logo.png","width":275,"height":42,"caption":"Hotel Scaligero"},"image":{"@id":"https:\/\/www.hotelscaligero.com\/#\/schema\/logo\/image\/"}}]}},"_links":{"self":[{"href":"https:\/\/www.hotelscaligero.com\/de\/wp-json\/wp\/v2\/pages\/476","targetHints":{"allow":["GET"]}}],"collection":[{"href":"https:\/\/www.hotelscaligero.com\/de\/wp-json\/wp\/v2\/pages"}],"about":[{"href":"https:\/\/www.hotelscaligero.com\/de\/wp-json\/wp\/v2\/types\/page"}],"author":[{"embeddable":true,"href":"https:\/\/www.hotelscaligero.com\/de\/wp-json\/wp\/v2\/users\/1"}],"replies":[{"embeddable":true,"href":"https:\/\/www.hotelscaligero.com\/de\/wp-json\/wp\/v2\/comments?post=476"}],"version-history":[{"count":2,"href":"https:\/\/www.hotelscaligero.com\/de\/wp-json\/wp\/v2\/pages\/476\/revisions"}],"predecessor-version":[{"id":478,"href":"https:\/\/www.hotelscaligero.com\/de\/wp-json\/wp\/v2\/pages\/476\/revisions\/478"}],"wp:featuredmedia":[{"embeddable":true,"href":"https:\/\/www.hotelscaligero.com\/de\/wp-json\/wp\/v2\/media\/336"}],"wp:attachment":[{"href":"https:\/\/www.hotelscaligero.com\/de\/wp-json\/wp\/v2\/media?parent=476"}],"curies":[{"name":"wp","href":"https:\/\/api.w.org\/{rel}","templated":true}]}}