{"id":487,"date":"2026-01-22T10:00:28","date_gmt":"2026-01-22T09:00:28","guid":{"rendered":"https:\/\/www.hotelscaligero.com\/hotel-vicino-a-verona\/"},"modified":"2026-02-11T11:17:03","modified_gmt":"2026-02-11T10:17:03","slug":"hotel-in-der-naehe-von-verona","status":"publish","type":"page","link":"https:\/\/www.hotelscaligero.com\/de\/hotel-in-der-naehe-von-verona\/","title":{"rendered":"Position"},"content":{"rendered":"<section class=\"l-section wpb_row us_custom_3a797162 height_medium\"><div class=\"l-section-overlay\" style=\"background:rgba(0,0,0,0.22)\"><\/div><div class=\"l-section-h i-cf\"><div class=\"g-cols vc_row via_flex valign_middle type_default stacking_default\"><div class=\"vc_col-sm-12 wpb_column vc_column_container\"><div class=\"vc_column-inner us_custom_945c9877\"><div class=\"wpb_wrapper\"><\/div><\/div><\/div><\/div><\/div><\/section><section class=\"l-section wpb_row us_custom_9ccc05f2 height_auto\"><div class=\"l-section-h i-cf\"><div class=\"g-cols vc_row via_flex valign_middle type_default stacking_default\"><div class=\"vc_col-sm-12 wpb_column vc_column_container\"><div class=\"vc_column-inner\"><div class=\"wpb_wrapper\"><section class=\"l-section wpb_row us_custom_9ccc05f2 height_auto width_full\"><div class=\"l-section-h i-cf\"><div class=\"g-cols vc_row via_flex valign_middle type_default stacking_default\"><div class=\"vc_col-sm-12 wpb_column vc_column_container\"><div class=\"vc_column-inner us_custom_caa759d0\"><div class=\"wpb_wrapper\"><div class=\"w-hwrapper us_custom_cb97da07 valign_top stack_on_mobiles default_align_right laptops_align_right tablets_align_right mobiles_align_center\" style=\"--hwrapper-gap:0.5rem\"><div class=\"w-text us_custom_5b7c6d72 has_text_color\"><a target=\"_blank\" href=\"tel:+390458969130\" class=\"w-text-h\"><span class=\"w-text-value\">(+39) 045 8969130<\/span><\/a><\/div><div class=\"w-text us_custom_a2b2330a has_text_color\"><a target=\"_blank\" href=\"mailto:info@hotelscaligero.com\" class=\"w-text-h\"><span class=\"w-text-value\">info@hotelscaligero.com<\/span><\/a><\/div><\/div><\/div><\/div><\/div><\/div><\/div><\/section>\n<\/div><\/div><\/div><\/div><\/div><\/section><section class=\"l-section wpb_row height_medium\"><div class=\"l-section-h i-cf\"><div class=\"g-cols vc_row via_flex valign_top type_default stacking_default\"><div class=\"vc_col-sm-12 wpb_column vc_column_container\"><div class=\"vc_column-inner\"><div class=\"wpb_wrapper\"><h1 class=\"w-text\"><span class=\"w-text-h\"><span class=\"w-text-value\">Sommacampagna, ein Bezugspunkt f\u00fcr alle, die ein Hotel in der N\u00e4he von Verona suchen<\/span><\/span><\/h1><div class=\"g-cols wpb_row via_flex valign_top type_default stacking_default\"><div class=\"vc_col-sm-5 wpb_column vc_column_container\"><div class=\"vc_column-inner\"><div class=\"wpb_wrapper\"><div data-us-scroll=\"{&quot;from_initial_position&quot;:&quot;0&quot;,&quot;start_position&quot;:&quot;20%&quot;,&quot;end_position&quot;:&quot;50%&quot;,&quot;delay&quot;:&quot;0s&quot;,&quot;translate_x_direction&quot;:&quot;right&quot;,&quot;translate_x_speed&quot;:&quot;0.2x&quot;}\" class=\"w-image has_scroll_effects has_translate_x align_none\"><div class=\"w-image-h\"><img decoding=\"async\" width=\"309\" height=\"31\" src=\"https:\/\/www.hotelscaligero.com\/wp-content\/uploads\/2026\/01\/divisore.svg\" class=\"attachment-large size-large\" alt=\"Hotel vicino aeroporto Verona e A4 | Hotel Scaligero Sommacampagna\" loading=\"lazy\" \/><\/div><\/div><h2 class=\"w-text us_custom_d77bca1a us_animate_this\"><span class=\"w-text-h\"><span class=\"w-text-value\">Hotel in strategisch g\u00fcnstiger Lage zwischen Flughafen, Autobahn und Verona<\/span><\/span><\/h2><\/div><\/div><\/div><div class=\"vc_col-sm-7 wpb_column vc_column_container\"><div class=\"vc_column-inner\"><div class=\"wpb_wrapper\"><div class=\"wpb_text_column us_custom_d77bca1a us_animate_this\"><div class=\"wpb_wrapper\"><p>Sommacampagna ist ein ruhiger Ort mit guter Verkehrsanbindung, der strategisch g\u00fcnstig zwischen Verona und dem Gardasee liegt. Eingebettet in die gr\u00fcnen Mor\u00e4nenh\u00fcgel bietet er eine entspannte und abgeschiedene Umgebung, fernab vom Stadtverkehr, aber gleichzeitig bequem, um die wichtigsten Ziele der Region schnell zu erreichen.<\/p>\n<p>Dank der N\u00e4he zur Autobahn A4 und zum Flughafen Verona Catullo ist Sommacampagna die ideale Wahl sowohl f\u00fcr Gesch\u00e4ftsreisende als auch f\u00fcr diejenigen, die die Gegend erkunden m\u00f6chten, da es eine gute Verkehrsanbindung und einen hochwertigen Aufenthalt bietet.<\/p>\n<\/div><\/div><\/div><\/div><\/div><\/div><\/div><\/div><\/div><\/div><\/div><\/section><section class=\"l-section wpb_row us_custom_3e83ef1d height_medium\"><div class=\"l-section-h i-cf\"><div class=\"g-cols vc_row via_flex valign_middle type_default\"><div class=\"vc_col-sm-7 wpb_column vc_column_container\"><div class=\"vc_column-inner\"><div class=\"wpb_wrapper\"><div class=\"w-image us_custom_b570b43b align_none\"><div class=\"w-image-h\"><img decoding=\"async\" width=\"1200\" height=\"672\" src=\"https:\/\/www.hotelscaligero.com\/wp-content\/uploads\/2026\/01\/Aeroporto-Catullo-Verona-Villafranca-Luglio-2022-1.png\" class=\"attachment-us_1280_853_crop size-us_1280_853_crop\" alt=\"Hotel vicino aeroporto Verona e A4 | Hotel Scaligero Sommacampagna\" loading=\"lazy\" srcset=\"https:\/\/www.hotelscaligero.com\/wp-content\/uploads\/2026\/01\/Aeroporto-Catullo-Verona-Villafranca-Luglio-2022-1.png 1200w, https:\/\/www.hotelscaligero.com\/wp-content\/uploads\/2026\/01\/Aeroporto-Catullo-Verona-Villafranca-Luglio-2022-1-300x168.png 300w, https:\/\/www.hotelscaligero.com\/wp-content\/uploads\/2026\/01\/Aeroporto-Catullo-Verona-Villafranca-Luglio-2022-1-1024x573.png 1024w\" sizes=\"auto, (max-width: 1200px) 100vw, 1200px\" \/><\/div><\/div><\/div><\/div><\/div><div class=\"vc_col-sm-5 wpb_column vc_column_container\"><div class=\"vc_column-inner\"><div class=\"wpb_wrapper\"><div class=\"w-text us_custom_04808a84 has_text_color\"><span class=\"w-text-h\"><span class=\"w-text-value\">business<\/span><\/span><\/div><div class=\"w-vwrapper align_none valign_top\" style=\"--vwrapper-gap:1.2rem\"><h3 class=\"w-text\"><span class=\"w-text-h\"><span class=\"w-text-value\">Strategisch g\u00fcnstig gelegen f\u00fcr Arbeit und Gesch\u00e4ftsreisen<\/span><\/span><\/h3><div class=\"wpb_text_column us_custom_d26cce57 us_animate_this\"><div class=\"wpb_wrapper\"><p>Der Flughafen Verona Catullo ist etwa 5 Minuten entfernt, w\u00e4hrend die Messe Verona in etwa 10 Minuten erreichbar ist. Damit ist das Hotel ein strategisch g\u00fcnstiger Ausgangspunkt f\u00fcr die Teilnahme an Messen und Veranstaltungen von internationaler Bedeutung wie Vinitaly, Fieracavalli und zahlreichen Kongressen, die im Kongresszentrum von Verona stattfinden.<\/p>\n<\/div><\/div><\/div><\/div><\/div><\/div><\/div><\/div><\/section><section class=\"l-section wpb_row height_medium\"><div class=\"l-section-h i-cf\"><div class=\"g-cols vc_row via_flex valign_middle type_default reversed\"><div class=\"vc_col-sm-5 wpb_column vc_column_container\"><div class=\"vc_column-inner\"><div class=\"wpb_wrapper\"><div class=\"w-text us_custom_04808a84 has_text_color\"><span class=\"w-text-h\"><span class=\"w-text-value\">leisure<\/span><\/span><\/div><div class=\"w-vwrapper align_none valign_top\" style=\"--vwrapper-gap:1.2rem\"><h3 class=\"w-text\"><span class=\"w-text-h\"><span class=\"w-text-value\">Zwischen Verona, Gardasee und gro\u00dfen Sehensw\u00fcrdigkeiten<\/span><\/span><\/h3><div class=\"wpb_text_column us_custom_d26cce57 us_animate_this\"><div class=\"wpb_wrapper\"><p>Das kunst- und geschichtstr\u00e4chtige historische Zentrum von Verona ist leicht zu erreichen und bietet ber\u00fchmte Sehensw\u00fcrdigkeiten wie die Arena auf der Piazza Bra, Schauplatz der ber\u00fchmten Opernsaison im Sommer, die lebhafte Piazza delle Erbe, Castelvecchio mit seinem Museum und das ber\u00fchmte Haus der Julia mit dem legend\u00e4ren Balkon.<br \/>\nNur wenige Minuten entfernt liegt der Gardasee, und die N\u00e4he zu den wichtigsten Vergn\u00fcgungsparks, darunter Gardaland, macht das Hotel auch zu einer praktischen L\u00f6sung f\u00fcr Freizeit- und Urlaubsaufenthalte.<\/p>\n<\/div><\/div><\/div><\/div><\/div><\/div><div class=\"vc_col-sm-7 wpb_column vc_column_container\"><div class=\"vc_column-inner\"><div class=\"wpb_wrapper\"><div class=\"w-image us_custom_b570b43b align_none\"><div class=\"w-image-h\"><img decoding=\"async\" width=\"1280\" height=\"853\" src=\"https:\/\/www.hotelscaligero.com\/wp-content\/uploads\/2026\/01\/verona-hd-1280x853.jpg\" class=\"attachment-us_1280_853_crop size-us_1280_853_crop\" alt=\"Hotel vicino aeroporto Verona e A4 | Hotel Scaligero Sommacampagna\" loading=\"lazy\" srcset=\"https:\/\/www.hotelscaligero.com\/wp-content\/uploads\/2026\/01\/verona-hd-1280x853.jpg 1280w, https:\/\/www.hotelscaligero.com\/wp-content\/uploads\/2026\/01\/verona-hd-600x400.jpg 600w\" sizes=\"auto, (max-width: 1280px) 100vw, 1280px\" \/><\/div><\/div><\/div><\/div><\/div><\/div><\/div><\/section><section class=\"l-section wpb_row height_medium color_alternate\"><div class=\"l-section-h i-cf\"><div class=\"g-cols vc_row via_flex valign_top type_default stacking_default\"><div class=\"vc_col-sm-12 wpb_column vc_column_container\"><div class=\"vc_column-inner\"><div class=\"wpb_wrapper\"><h2 class=\"w-text\"><span class=\"w-text-h\"><span class=\"w-text-value\">Entdecken Sie die Parks am Gardasee<\/span><\/span><\/h2><div data-us-scroll=\"{&quot;from_initial_position&quot;:&quot;0&quot;,&quot;start_position&quot;:&quot;20%&quot;,&quot;end_position&quot;:&quot;50%&quot;,&quot;delay&quot;:&quot;0s&quot;,&quot;translate_x_direction&quot;:&quot;right&quot;,&quot;translate_x_speed&quot;:&quot;0.2x&quot;}\" class=\"w-image has_scroll_effects has_translate_x align_none\"><div class=\"w-image-h\"><img decoding=\"async\" width=\"309\" height=\"31\" src=\"https:\/\/www.hotelscaligero.com\/wp-content\/uploads\/2026\/01\/divisore.svg\" class=\"attachment-large size-large\" alt=\"Hotel vicino aeroporto Verona e A4 | Hotel Scaligero Sommacampagna\" loading=\"lazy\" \/><\/div><\/div><div class=\"w-separator size_medium\"><\/div><div class=\"w-content-carousel items_3\"><div class=\"owl-carousel valign_stretch dotstyle_circle navstyle_circle arrows-ver-pos_middle arrows-hor-pos_on_sides_outside arrows-disabled_hide owl-responsive-2000 with_arrows\" style=\"--items-gap:30px;--transition-duration:350ms;--arrows-size:1.5rem;--arrows-hor-offset:px;--arrows-gap:10px;\" onclick=\"return {&quot;aria_labels&quot;:{&quot;prev&quot;:&quot;Zur\\u00fcck&quot;,&quot;next&quot;:&quot;Weiter&quot;},&quot;autoplayContinual&quot;:false,&quot;autoplayHoverPause&quot;:false,&quot;autoplayTimeout&quot;:3000,&quot;autoWidth&quot;:false,&quot;smartSpeed&quot;:350,&quot;margin&quot;:30,&quot;mouseDrag&quot;:true,&quot;rtl&quot;:false,&quot;slideBy&quot;:&quot;1&quot;,&quot;touchDrag&quot;:true,&quot;slideTransition&quot;:&quot;&quot;,&quot;responsive&quot;:{&quot;0&quot;:{&quot;autoHeight&quot;:false,&quot;autoplay&quot;:false,&quot;autoWidth&quot;:false,&quot;center&quot;:false,&quot;dots&quot;:false,&quot;items&quot;:1,&quot;loop&quot;:true,&quot;nav&quot;:false,&quot;stagePadding&quot;:40,&quot;slideBy&quot;:&quot;1&quot;},&quot;601&quot;:{&quot;autoHeight&quot;:false,&quot;autoplay&quot;:false,&quot;autoWidth&quot;:false,&quot;center&quot;:false,&quot;dots&quot;:false,&quot;items&quot;:2,&quot;loop&quot;:true,&quot;nav&quot;:false,&quot;stagePadding&quot;:40,&quot;slideBy&quot;:&quot;1&quot;},&quot;1025&quot;:{&quot;autoHeight&quot;:false,&quot;autoplay&quot;:false,&quot;autoWidth&quot;:false,&quot;center&quot;:false,&quot;dots&quot;:false,&quot;items&quot;:3,&quot;loop&quot;:false,&quot;nav&quot;:true,&quot;stagePadding&quot;:0}}}\"><div class=\"w-vwrapper align_none valign_top\"><div class=\"w-image us_custom_b570b43b has_ratio align_none\"><div class=\"w-image-h\"><div style=\"padding-bottom:66.6667%\"><\/div><img decoding=\"async\" width=\"1024\" height=\"682\" src=\"https:\/\/www.hotelscaligero.com\/wp-content\/uploads\/2026\/01\/20220210215433-gardaland-veneto-photo-by-marco-rubino-shutterstock-1152862601-1024x682.jpg\" class=\"attachment-large size-large\" alt=\"Hotel vicino aeroporto Verona e A4 | Hotel Scaligero Sommacampagna\" loading=\"lazy\" \/><\/div><\/div><h4 class=\"w-text\"><span class=\"w-text-h\"><span class=\"w-text-value\">Gardaland<\/span><\/span><\/h4><div class=\"wpb_text_column\"><div class=\"wpb_wrapper\"><p><strong>ca. 17 km mit dem Auto<\/strong><br \/>\n20 Minuten von Sommacampagna entfernt<\/p>\n<\/div><\/div><\/div><div class=\"w-vwrapper align_none valign_top\"><div class=\"w-image us_custom_b570b43b has_ratio align_none\"><div class=\"w-image-h\"><div style=\"padding-bottom:66.6667%\"><\/div><img decoding=\"async\" width=\"1000\" height=\"662\" src=\"https:\/\/www.hotelscaligero.com\/wp-content\/uploads\/2026\/01\/1-sigurta.jpg\" class=\"attachment-large size-large\" alt=\"Hotel vicino aeroporto Verona e A4 | Hotel Scaligero Sommacampagna\" loading=\"lazy\" \/><\/div><\/div><h4 class=\"w-text\"><span class=\"w-text-h\"><span class=\"w-text-value\">Parco Giardino Sigurt\u00e0<\/span><\/span><\/h4><div class=\"wpb_text_column\"><div class=\"wpb_wrapper\"><p><strong>ca. 14 km mit dem Auto<\/strong><br \/>\n15\u201320 Minuten von Sommacampagna<\/p>\n<\/div><\/div><\/div><div class=\"w-vwrapper align_none valign_top\"><div class=\"w-image us_custom_b570b43b has_ratio align_none\"><div class=\"w-image-h\"><div style=\"padding-bottom:66.6667%\"><\/div><img decoding=\"async\" width=\"1024\" height=\"576\" src=\"https:\/\/www.hotelscaligero.com\/wp-content\/uploads\/2026\/01\/id167-parco-natura-viva-full-1024x576.webp\" class=\"attachment-large size-large\" alt=\"Hotel vicino aeroporto Verona e A4 | Hotel Scaligero Sommacampagna\" loading=\"lazy\" \/><\/div><\/div><h4 class=\"w-text\"><span class=\"w-text-h\"><span class=\"w-text-value\">Parco Natura Viva<\/span><\/span><\/h4><div class=\"wpb_text_column\"><div class=\"wpb_wrapper\"><p><strong>ca. 10 km mit dem Auto<\/strong><br \/>\n15 Minuten von Sommacampagna entfernt<\/p>\n<\/div><\/div><\/div><\/div><\/div><\/div><\/div><\/div><\/div><\/div><\/section>\n","protected":false},"excerpt":{"rendered":"(+39) 045 8969130info@hotelscaligero.com Sommacampagna, ein Bezugspunkt f\u00fcr alle, die ein Hotel in der N\u00e4he von Verona suchenHotel in strategisch g\u00fcnstiger Lage zwischen Flughafen, Autobahn und VeronaSommacampagna ist ein ruhiger Ort mit guter Verkehrsanbindung, der strategisch g\u00fcnstig zwischen Verona und dem Gardasee liegt. Eingebettet in die gr\u00fcnen Mor\u00e4nenh\u00fcgel bietet er eine entspannte und abgeschiedene Umgebung, fernab...","protected":false},"author":1,"featured_media":430,"parent":0,"menu_order":0,"comment_status":"closed","ping_status":"closed","template":"","meta":{"inline_featured_image":false,"footnotes":""},"class_list":["post-487","page","type-page","status-publish","has-post-thumbnail","hentry"],"yoast_head":"<!-- This site is optimized with the Yoast SEO plugin v26.9 - https:\/\/yoast.com\/product\/yoast-seo-wordpress\/ -->\n<title>Hotels in der N\u00e4he der A4 und des Flughafens Verona | Lage des Hotels Scaligero<\/title>\n<meta name=\"description\" content=\"Hotel in Sommacampagna in strategisch g\u00fcnstiger Lage, nahe der Autobahn A4, dem Flughafen Verona, der Stadt Verona und dem Gardasee.\" \/>\n<meta name=\"robots\" content=\"index, follow, max-snippet:-1, max-image-preview:large, max-video-preview:-1\" \/>\n<link rel=\"canonical\" href=\"https:\/\/www.hotelscaligero.com\/de\/hotel-in-der-naehe-von-verona\/\" \/>\n<meta property=\"og:locale\" content=\"de_DE\" \/>\n<meta property=\"og:type\" content=\"article\" \/>\n<meta property=\"og:title\" content=\"Hotels in der N\u00e4he der A4 und des Flughafens Verona | Lage des Hotels Scaligero\" \/>\n<meta property=\"og:description\" content=\"Hotel in Sommacampagna in strategisch g\u00fcnstiger Lage, nahe der Autobahn A4, dem Flughafen Verona, der Stadt Verona und dem Gardasee.\" \/>\n<meta property=\"og:url\" content=\"https:\/\/www.hotelscaligero.com\/de\/hotel-in-der-naehe-von-verona\/\" \/>\n<meta property=\"og:site_name\" content=\"Hotel Scaligero\" \/>\n<meta property=\"article:modified_time\" content=\"2026-02-11T10:17:03+00:00\" \/>\n<meta property=\"og:image\" content=\"https:\/\/www.hotelscaligero.com\/wp-content\/uploads\/2026\/01\/Sommacampagna_0.webp\" \/>\n\t<meta property=\"og:image:width\" content=\"1200\" \/>\n\t<meta property=\"og:image:height\" content=\"765\" \/>\n\t<meta property=\"og:image:type\" content=\"image\/webp\" \/>\n<meta name=\"twitter:card\" content=\"summary_large_image\" \/>\n<meta name=\"twitter:label1\" content=\"Gesch\u00e4tzte Lesezeit\" \/>\n\t<meta name=\"twitter:data1\" content=\"3\u00a0Minuten\" \/>\n<script type=\"application\/ld+json\" class=\"yoast-schema-graph\">{\"@context\":\"https:\/\/schema.org\",\"@graph\":[{\"@type\":\"WebPage\",\"@id\":\"https:\/\/www.hotelscaligero.com\/de\/hotel-in-der-naehe-von-verona\/\",\"url\":\"https:\/\/www.hotelscaligero.com\/de\/hotel-in-der-naehe-von-verona\/\",\"name\":\"Hotels in der N\u00e4he der A4 und des Flughafens Verona | Lage des Hotels Scaligero\",\"isPartOf\":{\"@id\":\"https:\/\/www.hotelscaligero.com\/#website\"},\"primaryImageOfPage\":{\"@id\":\"https:\/\/www.hotelscaligero.com\/de\/hotel-in-der-naehe-von-verona\/#primaryimage\"},\"image\":{\"@id\":\"https:\/\/www.hotelscaligero.com\/de\/hotel-in-der-naehe-von-verona\/#primaryimage\"},\"thumbnailUrl\":\"https:\/\/www.hotelscaligero.com\/wp-content\/uploads\/2026\/01\/Sommacampagna_0.webp\",\"datePublished\":\"2026-01-22T09:00:28+00:00\",\"dateModified\":\"2026-02-11T10:17:03+00:00\",\"description\":\"Hotel in Sommacampagna in strategisch g\u00fcnstiger Lage, nahe der Autobahn A4, dem Flughafen Verona, der Stadt Verona und dem Gardasee.\",\"breadcrumb\":{\"@id\":\"https:\/\/www.hotelscaligero.com\/de\/hotel-in-der-naehe-von-verona\/#breadcrumb\"},\"inLanguage\":\"de\",\"potentialAction\":[{\"@type\":\"ReadAction\",\"target\":[\"https:\/\/www.hotelscaligero.com\/de\/hotel-in-der-naehe-von-verona\/\"]}]},{\"@type\":\"ImageObject\",\"inLanguage\":\"de\",\"@id\":\"https:\/\/www.hotelscaligero.com\/de\/hotel-in-der-naehe-von-verona\/#primaryimage\",\"url\":\"https:\/\/www.hotelscaligero.com\/wp-content\/uploads\/2026\/01\/Sommacampagna_0.webp\",\"contentUrl\":\"https:\/\/www.hotelscaligero.com\/wp-content\/uploads\/2026\/01\/Sommacampagna_0.webp\",\"width\":1200,\"height\":765,\"caption\":\"Hotel vicino aeroporto Verona e A4 | Hotel Scaligero Sommacampagna\"},{\"@type\":\"BreadcrumbList\",\"@id\":\"https:\/\/www.hotelscaligero.com\/de\/hotel-in-der-naehe-von-verona\/#breadcrumb\",\"itemListElement\":[{\"@type\":\"ListItem\",\"position\":1,\"name\":\"Home\",\"item\":\"https:\/\/www.hotelscaligero.com\/de\/\"},{\"@type\":\"ListItem\",\"position\":2,\"name\":\"Position\"}]},{\"@type\":\"WebSite\",\"@id\":\"https:\/\/www.hotelscaligero.com\/#website\",\"url\":\"https:\/\/www.hotelscaligero.com\/\",\"name\":\"Hotel Scaligero\",\"description\":\"Hotel Scaligero\",\"publisher\":{\"@id\":\"https:\/\/www.hotelscaligero.com\/#organization\"},\"potentialAction\":[{\"@type\":\"SearchAction\",\"target\":{\"@type\":\"EntryPoint\",\"urlTemplate\":\"https:\/\/www.hotelscaligero.com\/?s={search_term_string}\"},\"query-input\":{\"@type\":\"PropertyValueSpecification\",\"valueRequired\":true,\"valueName\":\"search_term_string\"}}],\"inLanguage\":\"de\"},{\"@type\":\"Organization\",\"@id\":\"https:\/\/www.hotelscaligero.com\/#organization\",\"name\":\"Hotel Scaligero\",\"url\":\"https:\/\/www.hotelscaligero.com\/\",\"logo\":{\"@type\":\"ImageObject\",\"inLanguage\":\"de\",\"@id\":\"https:\/\/www.hotelscaligero.com\/#\/schema\/logo\/image\/\",\"url\":\"http:\/\/www.hotelscaligero.com\/wp-content\/uploads\/2026\/01\/logo.png\",\"contentUrl\":\"http:\/\/www.hotelscaligero.com\/wp-content\/uploads\/2026\/01\/logo.png\",\"width\":275,\"height\":42,\"caption\":\"Hotel Scaligero\"},\"image\":{\"@id\":\"https:\/\/www.hotelscaligero.com\/#\/schema\/logo\/image\/\"}}]}<\/script>\n<!-- \/ Yoast SEO plugin. -->","yoast_head_json":{"title":"Hotels in der N\u00e4he der A4 und des Flughafens Verona | Lage des Hotels Scaligero","description":"Hotel in Sommacampagna in strategisch g\u00fcnstiger Lage, nahe der Autobahn A4, dem Flughafen Verona, der Stadt Verona und dem Gardasee.","robots":{"index":"index","follow":"follow","max-snippet":"max-snippet:-1","max-image-preview":"max-image-preview:large","max-video-preview":"max-video-preview:-1"},"canonical":"https:\/\/www.hotelscaligero.com\/de\/hotel-in-der-naehe-von-verona\/","og_locale":"de_DE","og_type":"article","og_title":"Hotels in der N\u00e4he der A4 und des Flughafens Verona | Lage des Hotels Scaligero","og_description":"Hotel in Sommacampagna in strategisch g\u00fcnstiger Lage, nahe der Autobahn A4, dem Flughafen Verona, der Stadt Verona und dem Gardasee.","og_url":"https:\/\/www.hotelscaligero.com\/de\/hotel-in-der-naehe-von-verona\/","og_site_name":"Hotel Scaligero","article_modified_time":"2026-02-11T10:17:03+00:00","og_image":[{"width":1200,"height":765,"url":"https:\/\/www.hotelscaligero.com\/wp-content\/uploads\/2026\/01\/Sommacampagna_0.webp","type":"image\/webp"}],"twitter_card":"summary_large_image","twitter_misc":{"Gesch\u00e4tzte Lesezeit":"3\u00a0Minuten"},"schema":{"@context":"https:\/\/schema.org","@graph":[{"@type":"WebPage","@id":"https:\/\/www.hotelscaligero.com\/de\/hotel-in-der-naehe-von-verona\/","url":"https:\/\/www.hotelscaligero.com\/de\/hotel-in-der-naehe-von-verona\/","name":"Hotels in der N\u00e4he der A4 und des Flughafens Verona | Lage des Hotels Scaligero","isPartOf":{"@id":"https:\/\/www.hotelscaligero.com\/#website"},"primaryImageOfPage":{"@id":"https:\/\/www.hotelscaligero.com\/de\/hotel-in-der-naehe-von-verona\/#primaryimage"},"image":{"@id":"https:\/\/www.hotelscaligero.com\/de\/hotel-in-der-naehe-von-verona\/#primaryimage"},"thumbnailUrl":"https:\/\/www.hotelscaligero.com\/wp-content\/uploads\/2026\/01\/Sommacampagna_0.webp","datePublished":"2026-01-22T09:00:28+00:00","dateModified":"2026-02-11T10:17:03+00:00","description":"Hotel in Sommacampagna in strategisch g\u00fcnstiger Lage, nahe der Autobahn A4, dem Flughafen Verona, der Stadt Verona und dem Gardasee.","breadcrumb":{"@id":"https:\/\/www.hotelscaligero.com\/de\/hotel-in-der-naehe-von-verona\/#breadcrumb"},"inLanguage":"de","potentialAction":[{"@type":"ReadAction","target":["https:\/\/www.hotelscaligero.com\/de\/hotel-in-der-naehe-von-verona\/"]}]},{"@type":"ImageObject","inLanguage":"de","@id":"https:\/\/www.hotelscaligero.com\/de\/hotel-in-der-naehe-von-verona\/#primaryimage","url":"https:\/\/www.hotelscaligero.com\/wp-content\/uploads\/2026\/01\/Sommacampagna_0.webp","contentUrl":"https:\/\/www.hotelscaligero.com\/wp-content\/uploads\/2026\/01\/Sommacampagna_0.webp","width":1200,"height":765,"caption":"Hotel vicino aeroporto Verona e A4 | Hotel Scaligero Sommacampagna"},{"@type":"BreadcrumbList","@id":"https:\/\/www.hotelscaligero.com\/de\/hotel-in-der-naehe-von-verona\/#breadcrumb","itemListElement":[{"@type":"ListItem","position":1,"name":"Home","item":"https:\/\/www.hotelscaligero.com\/de\/"},{"@type":"ListItem","position":2,"name":"Position"}]},{"@type":"WebSite","@id":"https:\/\/www.hotelscaligero.com\/#website","url":"https:\/\/www.hotelscaligero.com\/","name":"Hotel Scaligero","description":"Hotel Scaligero","publisher":{"@id":"https:\/\/www.hotelscaligero.com\/#organization"},"potentialAction":[{"@type":"SearchAction","target":{"@type":"EntryPoint","urlTemplate":"https:\/\/www.hotelscaligero.com\/?s={search_term_string}"},"query-input":{"@type":"PropertyValueSpecification","valueRequired":true,"valueName":"search_term_string"}}],"inLanguage":"de"},{"@type":"Organization","@id":"https:\/\/www.hotelscaligero.com\/#organization","name":"Hotel Scaligero","url":"https:\/\/www.hotelscaligero.com\/","logo":{"@type":"ImageObject","inLanguage":"de","@id":"https:\/\/www.hotelscaligero.com\/#\/schema\/logo\/image\/","url":"http:\/\/www.hotelscaligero.com\/wp-content\/uploads\/2026\/01\/logo.png","contentUrl":"http:\/\/www.hotelscaligero.com\/wp-content\/uploads\/2026\/01\/logo.png","width":275,"height":42,"caption":"Hotel Scaligero"},"image":{"@id":"https:\/\/www.hotelscaligero.com\/#\/schema\/logo\/image\/"}}]}},"_links":{"self":[{"href":"https:\/\/www.hotelscaligero.com\/de\/wp-json\/wp\/v2\/pages\/487","targetHints":{"allow":["GET"]}}],"collection":[{"href":"https:\/\/www.hotelscaligero.com\/de\/wp-json\/wp\/v2\/pages"}],"about":[{"href":"https:\/\/www.hotelscaligero.com\/de\/wp-json\/wp\/v2\/types\/page"}],"author":[{"embeddable":true,"href":"https:\/\/www.hotelscaligero.com\/de\/wp-json\/wp\/v2\/users\/1"}],"replies":[{"embeddable":true,"href":"https:\/\/www.hotelscaligero.com\/de\/wp-json\/wp\/v2\/comments?post=487"}],"version-history":[{"count":3,"href":"https:\/\/www.hotelscaligero.com\/de\/wp-json\/wp\/v2\/pages\/487\/revisions"}],"predecessor-version":[{"id":490,"href":"https:\/\/www.hotelscaligero.com\/de\/wp-json\/wp\/v2\/pages\/487\/revisions\/490"}],"wp:featuredmedia":[{"embeddable":true,"href":"https:\/\/www.hotelscaligero.com\/de\/wp-json\/wp\/v2\/media\/430"}],"wp:attachment":[{"href":"https:\/\/www.hotelscaligero.com\/de\/wp-json\/wp\/v2\/media?parent=487"}],"curies":[{"name":"wp","href":"https:\/\/api.w.org\/{rel}","templated":true}]}}