{"id":497,"date":"2026-01-22T10:00:14","date_gmt":"2026-01-22T09:00:14","guid":{"rendered":"https:\/\/www.hotelscaligero.com\/info-e-servizi\/"},"modified":"2026-03-23T09:18:15","modified_gmt":"2026-03-23T08:18:15","slug":"infos-und-dienstleistungen","status":"publish","type":"page","link":"https:\/\/www.hotelscaligero.com\/de\/infos-und-dienstleistungen\/","title":{"rendered":"Infos und Dienstleistungen"},"content":{"rendered":"<section class=\"l-section wpb_row us_custom_3a797162 height_medium\"><div class=\"l-section-overlay\" style=\"background:rgba(0,0,0,0.22)\"><\/div><div class=\"l-section-h i-cf\"><div class=\"g-cols vc_row via_flex valign_middle type_default stacking_default\"><div class=\"vc_col-sm-12 wpb_column vc_column_container\"><div class=\"vc_column-inner us_custom_945c9877\"><div class=\"wpb_wrapper\"><\/div><\/div><\/div><\/div><\/div><\/section><section class=\"l-section wpb_row us_custom_9ccc05f2 height_auto\"><div class=\"l-section-h i-cf\"><div class=\"g-cols vc_row via_flex valign_middle type_default stacking_default\"><div class=\"vc_col-sm-12 wpb_column vc_column_container\"><div class=\"vc_column-inner\"><div class=\"wpb_wrapper\"><section class=\"l-section wpb_row us_custom_9ccc05f2 height_auto width_full\"><div class=\"l-section-h i-cf\"><div class=\"g-cols vc_row via_flex valign_middle type_default stacking_default\"><div class=\"vc_col-sm-12 wpb_column vc_column_container\"><div class=\"vc_column-inner us_custom_caa759d0\"><div class=\"wpb_wrapper\"><div class=\"w-hwrapper us_custom_cb97da07 valign_top stack_on_mobiles default_align_right laptops_align_right tablets_align_right mobiles_align_center\" style=\"--hwrapper-gap:0.5rem\"><div class=\"w-text us_custom_5b7c6d72 has_text_color\"><a target=\"_blank\" href=\"tel:+390458969130\" class=\"w-text-h\"><span class=\"w-text-value\">(+39) 045 8969130<\/span><\/a><\/div><div class=\"w-text us_custom_a2b2330a has_text_color\"><a target=\"_blank\" href=\"mailto:info@hotelscaligero.com\" class=\"w-text-h\"><span class=\"w-text-value\">info@hotelscaligero.com<\/span><\/a><\/div><\/div><\/div><\/div><\/div><\/div><\/div><\/section>\n<\/div><\/div><\/div><\/div><\/div><\/section><section class=\"l-section wpb_row height_medium\"><div class=\"l-section-h i-cf\"><div class=\"g-cols vc_row via_flex valign_top type_default stacking_default\"><div class=\"vc_col-sm-12 wpb_column vc_column_container\"><div class=\"vc_column-inner\"><div class=\"wpb_wrapper\"><h1 class=\"w-text\"><span class=\"w-text-h\"><span class=\"w-text-value\">Business-Hotel in Sommacampagna f\u00fcr Aufenthalte in Verona<\/span><\/span><\/h1><div class=\"g-cols wpb_row via_flex valign_top type_default stacking_default\"><div class=\"vc_col-sm-5 wpb_column vc_column_container\"><div class=\"vc_column-inner\"><div class=\"wpb_wrapper\"><div data-us-scroll=\"{&quot;from_initial_position&quot;:&quot;0&quot;,&quot;start_position&quot;:&quot;20%&quot;,&quot;end_position&quot;:&quot;50%&quot;,&quot;delay&quot;:&quot;0s&quot;,&quot;translate_x_direction&quot;:&quot;right&quot;,&quot;translate_x_speed&quot;:&quot;0.2x&quot;}\" class=\"w-image has_scroll_effects has_translate_x align_none\"><div class=\"w-image-h\"><img decoding=\"async\" width=\"309\" height=\"31\" src=\"https:\/\/www.hotelscaligero.com\/wp-content\/uploads\/2026\/01\/divisore.svg\" class=\"attachment-large size-large\" alt=\"Hotel vicino aeroporto Verona e A4 | Hotel Scaligero Sommacampagna\" loading=\"lazy\" \/><\/div><\/div><h2 class=\"w-text us_custom_d77bca1a us_animate_this\"><span class=\"w-text-h\"><span class=\"w-text-value\">Unverzichtbarer Komfort f\u00fcr Gesch\u00e4ftsreisende<\/span><\/span><\/h2><\/div><\/div><\/div><div class=\"vc_col-sm-7 wpb_column vc_column_container\"><div class=\"vc_column-inner\"><div class=\"wpb_wrapper\"><div class=\"wpb_text_column us_custom_d77bca1a us_animate_this\"><div class=\"wpb_wrapper\"><p>Das Hotel Scaligero bietet Dienstleistungen, die auf die Bed\u00fcrfnisse von Gesch\u00e4ftsreisenden zugeschnitten sind, die eine komfortable und gut angebundene Unterkunft suchen. Die Lage in der N\u00e4he der Autobahn A4 und des Flughafens Verona Catullo erm\u00f6glicht es Ihnen, Zeit und Wege zu optimieren.<\/p>\n<p><strong>Zu den verf\u00fcgbaren Dienstleistungen geh\u00f6ren:<\/strong><br \/>\nFr\u00fchst\u00fccksbuffet, kostenlose Parkpl\u00e4tze, WLAN und eine ruhige Umgebung. Die Unterkunft ist leicht erreichbar und verf\u00fcgt \u00fcber Zimmer, die auch f\u00fcr G\u00e4ste mit Behinderungen geeignet sind. Ein schlichtes und funktionales Hotel, ideal als Ausgangspunkt f\u00fcr Gesch\u00e4ftsreisen und Gesch\u00e4ftsaufenthalte.<\/p>\n<\/div><\/div><\/div><\/div><\/div><\/div><\/div><\/div><\/div><\/div><\/div><\/section><section class=\"l-section wpb_row height_medium color_alternate\"><div class=\"l-section-h i-cf\"><div class=\"g-cols vc_row via_flex valign_top type_default stacking_default\"><div class=\"vc_col-sm-12 wpb_column vc_column_container\"><div class=\"vc_column-inner\"><div class=\"wpb_wrapper\"><h2 class=\"w-text us_custom_4f24afa8\"><span class=\"w-text-h\"><span class=\"w-text-value\">N\u00fctzliche Informationen<\/span><\/span><\/h2><div class=\"g-cols wpb_row via_flex valign_top type_default stacking_default\"><div class=\"vc_col-sm-5 wpb_column vc_column_container\"><div class=\"vc_column-inner\"><div class=\"wpb_wrapper\"><div class=\"wpb_text_column us_custom_3ae408c5\"><div class=\"wpb_wrapper\"><p><strong>Check-in:<\/strong> von 15:00 bis 23:00 Uhr<br \/>\n<strong>Check-out:<\/strong> bis 10:00 Uhr<br \/>\n<strong>Fr\u00fchst\u00fcck:<\/strong> von 07:00 bis 09:00 Uhr<br \/>\n<strong>**Haustiere nur auf Anfrage erlaubt<\/strong><\/p>\n<\/div><\/div><\/div><\/div><\/div><div class=\"vc_col-sm-7 wpb_column vc_column_container\"><div class=\"vc_column-inner\"><div class=\"wpb_wrapper\"><div class=\"wpb_text_column\"><div class=\"wpb_wrapper\"><p><strong>An Feiertagen<\/strong> ist der Check-in ab 16:00 Uhr m\u00f6glich.<\/p>\n<p><strong>HAUSTIERE:<\/strong> Das Hotel akzeptiert einige Haustiere. <strong>Bitte kontaktieren<\/strong> Sie die Unterkunft f\u00fcr weitere Informationen.<\/p>\n<p>* Babybetten sind je nach Verf\u00fcgbarkeit erh\u00e4ltlich.<\/p>\n<\/div><\/div><\/div><\/div><\/div><\/div><\/div><\/div><\/div><\/div><\/div><\/section><section class=\"l-section wpb_row height_medium\"><div class=\"l-section-h i-cf\"><div class=\"g-cols vc_row via_flex valign_top type_default\"><div class=\"vc_col-sm-7 wpb_column vc_column_container\"><div class=\"vc_column-inner type_sticky\"><div class=\"wpb_wrapper\"><div class=\"w-slider us_custom_dc9456fd us_animate_this style_none fit_contain nav_none has_border_radius count_5\"><div class=\"w-slider-h\" aria-hidden=\"true\"><div class=\"royalSlider\"><div class=\"rsContent\"><a class=\"rsImg\" data-rsw=\"1280\" data-rsh=\"853\" href=\"https:\/\/www.hotelscaligero.com\/wp-content\/uploads\/2026\/01\/MA1_6506-1280x853.jpg\"><span data-alt=\"Hotel vicino aeroporto Verona e A4 | Hotel Scaligero Sommacampagna\"><\/span><\/a><\/div><div class=\"rsContent\"><a class=\"rsImg\" data-rsw=\"1280\" data-rsh=\"853\" href=\"https:\/\/www.hotelscaligero.com\/wp-content\/uploads\/2026\/01\/MA0_1970-1280x853.jpg\"><span data-alt=\"Hotel vicino aeroporto Verona e A4 | Hotel Scaligero Sommacampagna\"><\/span><\/a><\/div><div class=\"rsContent\"><a class=\"rsImg\" data-rsw=\"1280\" data-rsh=\"853\" href=\"https:\/\/www.hotelscaligero.com\/wp-content\/uploads\/2026\/01\/MA0_1972-1280x853.jpg\"><span data-alt=\"Hotel vicino aeroporto Verona e A4 | Hotel Scaligero Sommacampagna\"><\/span><\/a><\/div><div class=\"rsContent\"><a class=\"rsImg\" data-rsw=\"1280\" data-rsh=\"853\" href=\"https:\/\/www.hotelscaligero.com\/wp-content\/uploads\/2026\/01\/MA0_1976-1280x853.jpg\"><span data-alt=\"Hotel vicino aeroporto Verona e A4 | Hotel Scaligero Sommacampagna\"><\/span><\/a><\/div><div class=\"rsContent\"><a class=\"rsImg\" data-rsw=\"1280\" data-rsh=\"853\" href=\"https:\/\/www.hotelscaligero.com\/wp-content\/uploads\/2026\/01\/MA0_1975-1280x853.jpg\"><span data-alt=\"Hotel vicino aeroporto Verona e A4 | Hotel Scaligero Sommacampagna\"><\/span><\/a><\/div><\/div><img decoding=\"async\" src=\"https:\/\/www.hotelscaligero.com\/wp-content\/uploads\/2026\/01\/MA1_6506-1280x853.jpg\" width=\"1280\" height=\"853\" alt=\"Hotel vicino aeroporto Verona e A4 | Hotel Scaligero Sommacampagna\" loading=\"lazy\"><\/div><div class=\"w-slider-json\" onclick='return {&quot;autoScaleSlider&quot;:true,&quot;addActiveClass&quot;:true,&quot;loop&quot;:true,&quot;fadeInLoadedSlide&quot;:false,&quot;slidesSpacing&quot;:0,&quot;imageScalePadding&quot;:0,&quot;numImagesToPreload&quot;:2,&quot;arrowsNav&quot;:true,&quot;arrowsNavAutoHide&quot;:false,&quot;transitionType&quot;:&quot;fade&quot;,&quot;transitionSpeed&quot;:950,&quot;block&quot;:{&quot;moveEffect&quot;:&quot;none&quot;,&quot;speed&quot;:300},&quot;thumbs&quot;:{&quot;fitInViewport&quot;:false,&quot;firstMargin&quot;:false,&quot;spacing&quot;:4},&quot;controlNavigation&quot;:&quot;none&quot;,&quot;autoScaleSliderWidth&quot;:1280,&quot;autoScaleSliderHeight&quot;:853}'><\/div><\/div><\/div><\/div><\/div><div class=\"vc_col-sm-5 wpb_column vc_column_container\"><div class=\"vc_column-inner\"><div class=\"wpb_wrapper\"><div class=\"w-text us_custom_04808a84 has_text_color\"><span class=\"w-text-h\"><span class=\"w-text-value\">Fr\u00fchst\u00fcck<\/span><\/span><\/div><div class=\"w-vwrapper align_none valign_top\" style=\"--vwrapper-gap:1.2rem\"><h3 class=\"w-text\"><span class=\"w-text-h\"><span class=\"w-text-value\">Den Tag ohne Zeitverlust beginnen<\/span><\/span><\/h3><div class=\"wpb_text_column us_custom_d26cce57 us_animate_this\"><div class=\"wpb_wrapper\"><p>Das Fr\u00fchst\u00fcck im Hotel Scaligero ist so konzipiert, dass es den G\u00e4sten einen praktischen und funktionalen Start in den Tag bietet.<br \/>\nDas Buffet bietet eine Auswahl an s\u00fc\u00dfen und herzhaften Produkten, die unterschiedliche Geschm\u00e4cker und Bed\u00fcrfnisse befriedigen sollen: Backwaren, Croissants, Marmeladen, M\u00fcsli und hei\u00dfe Getr\u00e4nke, erg\u00e4nzt durch herzhafte Angebote f\u00fcr diejenigen, die ein reichhaltigeres Fr\u00fchst\u00fcck bevorzugen.<\/p>\n<\/div><\/div><\/div><\/div><\/div><\/div><\/div><\/div><\/section><section class=\"l-section wpb_row height_medium\"><div class=\"l-section-h i-cf\"><div class=\"g-cols vc_row via_flex valign_top type_default reversed\"><div class=\"vc_col-sm-5 wpb_column vc_column_container\"><div class=\"vc_column-inner\"><div class=\"wpb_wrapper\"><div class=\"w-text us_custom_04808a84 has_text_color\"><span class=\"w-text-h\"><span class=\"w-text-value\">Parkplatz<\/span><\/span><\/div><div class=\"w-vwrapper align_none valign_top\" style=\"--vwrapper-gap:1.2rem\"><h3 class=\"w-text\"><span class=\"w-text-h\"><span class=\"w-text-value\">Kostenlose Parkpl\u00e4tze f\u00fcr bequeme Mobilit\u00e4t<\/span><\/span><\/h3><div class=\"wpb_text_column us_custom_d26cce57 us_animate_this\"><div class=\"wpb_wrapper\"><p>Die M\u00f6glichkeit, bequem am Hotel zu parken, erm\u00f6glicht es Ihnen, Ihre Zeit optimal zu nutzen, zus\u00e4tzliche Kosten zu vermeiden und sich frei nach Verona, zum Flughafen oder zu den wichtigsten Industrie- und Gewerbegebieten der Umgebung zu bewegen. Ein praktischer Service, der einen Aufenthalt im Zeichen von Funktionalit\u00e4t und Effizienz abrundet.<\/p>\n<\/div><\/div><\/div><\/div><\/div><\/div><div class=\"vc_col-sm-7 wpb_column vc_column_container\"><div class=\"vc_column-inner type_sticky\"><div class=\"wpb_wrapper\"><div class=\"w-slider us_custom_0a329dd6 us_animate_this style_none fit_contain nav_none has_border_radius count_1\"><div class=\"w-slider-h\" aria-hidden=\"true\"><div class=\"royalSlider\"><div class=\"rsContent\"><a class=\"rsImg\" data-rsw=\"1280\" data-rsh=\"853\" href=\"https:\/\/www.hotelscaligero.com\/wp-content\/uploads\/2026\/01\/MA0_2068-1280x853.jpg\"><span data-alt=\"Hotel vicino aeroporto Verona e A4 | Hotel Scaligero Sommacampagna\"><\/span><\/a><\/div><\/div><img decoding=\"async\" src=\"https:\/\/www.hotelscaligero.com\/wp-content\/uploads\/2026\/01\/MA0_2068-1280x853.jpg\" width=\"1280\" height=\"853\" alt=\"Hotel vicino aeroporto Verona e A4 | Hotel Scaligero Sommacampagna\" loading=\"lazy\"><\/div><div class=\"w-slider-json\" onclick='return {&quot;autoScaleSlider&quot;:true,&quot;addActiveClass&quot;:true,&quot;loop&quot;:true,&quot;fadeInLoadedSlide&quot;:false,&quot;slidesSpacing&quot;:0,&quot;imageScalePadding&quot;:0,&quot;numImagesToPreload&quot;:2,&quot;arrowsNav&quot;:true,&quot;arrowsNavAutoHide&quot;:false,&quot;transitionType&quot;:&quot;fade&quot;,&quot;transitionSpeed&quot;:950,&quot;block&quot;:{&quot;moveEffect&quot;:&quot;none&quot;,&quot;speed&quot;:300},&quot;thumbs&quot;:{&quot;fitInViewport&quot;:false,&quot;firstMargin&quot;:false,&quot;spacing&quot;:4},&quot;controlNavigation&quot;:&quot;none&quot;,&quot;autoScaleSliderWidth&quot;:1280,&quot;autoScaleSliderHeight&quot;:853}'><\/div><\/div><\/div><\/div><\/div><\/div><\/div><\/section>\n","protected":false},"excerpt":{"rendered":"(+39) 045 8969130info@hotelscaligero.com Business-Hotel in Sommacampagna f\u00fcr Aufenthalte in VeronaUnverzichtbarer Komfort f\u00fcr Gesch\u00e4ftsreisendeDas Hotel Scaligero bietet Dienstleistungen, die auf die Bed\u00fcrfnisse von Gesch\u00e4ftsreisenden zugeschnitten sind, die eine komfortable und gut angebundene Unterkunft suchen. Die Lage in der N\u00e4he der Autobahn A4 und des Flughafens Verona Catullo erm\u00f6glicht es Ihnen, Zeit und Wege zu optimieren. Zu...","protected":false},"author":1,"featured_media":342,"parent":0,"menu_order":0,"comment_status":"closed","ping_status":"closed","template":"","meta":{"inline_featured_image":false,"footnotes":""},"class_list":["post-497","page","type-page","status-publish","has-post-thumbnail","hentry"],"yoast_head":"<!-- This site is optimized with the Yoast SEO plugin v26.9 - https:\/\/yoast.com\/product\/yoast-seo-wordpress\/ -->\n<title>Business-Hotel in Sommacampagna | Dienstleistungen Hotel Scaligero<\/title>\n<meta name=\"description\" content=\"Hotel in Sommacampagna mit Fr\u00fchst\u00fcck, WLAN und kostenlosen Parkpl\u00e4tzen. Strategisch g\u00fcnstige Lage in der N\u00e4he des Flughafens Verona und der Autobahn A4.\" \/>\n<meta name=\"robots\" content=\"index, follow, max-snippet:-1, max-image-preview:large, max-video-preview:-1\" \/>\n<link rel=\"canonical\" href=\"https:\/\/www.hotelscaligero.com\/de\/infos-und-dienstleistungen\/\" \/>\n<meta property=\"og:locale\" content=\"de_DE\" \/>\n<meta property=\"og:type\" content=\"article\" \/>\n<meta property=\"og:title\" content=\"Business-Hotel in Sommacampagna | Dienstleistungen Hotel Scaligero\" \/>\n<meta property=\"og:description\" content=\"Hotel in Sommacampagna mit Fr\u00fchst\u00fcck, WLAN und kostenlosen Parkpl\u00e4tzen. Strategisch g\u00fcnstige Lage in der N\u00e4he des Flughafens Verona und der Autobahn A4.\" \/>\n<meta property=\"og:url\" content=\"https:\/\/www.hotelscaligero.com\/de\/infos-und-dienstleistungen\/\" \/>\n<meta property=\"og:site_name\" content=\"Hotel Scaligero\" \/>\n<meta property=\"article:modified_time\" content=\"2026-03-23T08:18:15+00:00\" \/>\n<meta property=\"og:image\" content=\"https:\/\/www.hotelscaligero.com\/wp-content\/uploads\/2026\/01\/MA0_1991.jpg\" \/>\n\t<meta property=\"og:image:width\" content=\"1920\" \/>\n\t<meta property=\"og:image:height\" content=\"1309\" \/>\n\t<meta property=\"og:image:type\" content=\"image\/jpeg\" \/>\n<meta name=\"twitter:card\" content=\"summary_large_image\" \/>\n<meta name=\"twitter:label1\" content=\"Gesch\u00e4tzte Lesezeit\" \/>\n\t<meta name=\"twitter:data1\" content=\"3\u00a0Minuten\" \/>\n<script type=\"application\/ld+json\" class=\"yoast-schema-graph\">{\"@context\":\"https:\/\/schema.org\",\"@graph\":[{\"@type\":\"WebPage\",\"@id\":\"https:\/\/www.hotelscaligero.com\/de\/infos-und-dienstleistungen\/\",\"url\":\"https:\/\/www.hotelscaligero.com\/de\/infos-und-dienstleistungen\/\",\"name\":\"Business-Hotel in Sommacampagna | Dienstleistungen Hotel Scaligero\",\"isPartOf\":{\"@id\":\"https:\/\/www.hotelscaligero.com\/#website\"},\"primaryImageOfPage\":{\"@id\":\"https:\/\/www.hotelscaligero.com\/de\/infos-und-dienstleistungen\/#primaryimage\"},\"image\":{\"@id\":\"https:\/\/www.hotelscaligero.com\/de\/infos-und-dienstleistungen\/#primaryimage\"},\"thumbnailUrl\":\"https:\/\/www.hotelscaligero.com\/wp-content\/uploads\/2026\/01\/MA0_1991.jpg\",\"datePublished\":\"2026-01-22T09:00:14+00:00\",\"dateModified\":\"2026-03-23T08:18:15+00:00\",\"description\":\"Hotel in Sommacampagna mit Fr\u00fchst\u00fcck, WLAN und kostenlosen Parkpl\u00e4tzen. Strategisch g\u00fcnstige Lage in der N\u00e4he des Flughafens Verona und der Autobahn A4.\",\"breadcrumb\":{\"@id\":\"https:\/\/www.hotelscaligero.com\/de\/infos-und-dienstleistungen\/#breadcrumb\"},\"inLanguage\":\"de\",\"potentialAction\":[{\"@type\":\"ReadAction\",\"target\":[\"https:\/\/www.hotelscaligero.com\/de\/infos-und-dienstleistungen\/\"]}]},{\"@type\":\"ImageObject\",\"inLanguage\":\"de\",\"@id\":\"https:\/\/www.hotelscaligero.com\/de\/infos-und-dienstleistungen\/#primaryimage\",\"url\":\"https:\/\/www.hotelscaligero.com\/wp-content\/uploads\/2026\/01\/MA0_1991.jpg\",\"contentUrl\":\"https:\/\/www.hotelscaligero.com\/wp-content\/uploads\/2026\/01\/MA0_1991.jpg\",\"width\":1920,\"height\":1309,\"caption\":\"Hotel a Sommacampagna\"},{\"@type\":\"BreadcrumbList\",\"@id\":\"https:\/\/www.hotelscaligero.com\/de\/infos-und-dienstleistungen\/#breadcrumb\",\"itemListElement\":[{\"@type\":\"ListItem\",\"position\":1,\"name\":\"Home\",\"item\":\"https:\/\/www.hotelscaligero.com\/de\/\"},{\"@type\":\"ListItem\",\"position\":2,\"name\":\"Infos und Dienstleistungen\"}]},{\"@type\":\"WebSite\",\"@id\":\"https:\/\/www.hotelscaligero.com\/#website\",\"url\":\"https:\/\/www.hotelscaligero.com\/\",\"name\":\"Hotel Scaligero\",\"description\":\"Hotel Scaligero\",\"publisher\":{\"@id\":\"https:\/\/www.hotelscaligero.com\/#organization\"},\"potentialAction\":[{\"@type\":\"SearchAction\",\"target\":{\"@type\":\"EntryPoint\",\"urlTemplate\":\"https:\/\/www.hotelscaligero.com\/?s={search_term_string}\"},\"query-input\":{\"@type\":\"PropertyValueSpecification\",\"valueRequired\":true,\"valueName\":\"search_term_string\"}}],\"inLanguage\":\"de\"},{\"@type\":\"Organization\",\"@id\":\"https:\/\/www.hotelscaligero.com\/#organization\",\"name\":\"Hotel Scaligero\",\"url\":\"https:\/\/www.hotelscaligero.com\/\",\"logo\":{\"@type\":\"ImageObject\",\"inLanguage\":\"de\",\"@id\":\"https:\/\/www.hotelscaligero.com\/#\/schema\/logo\/image\/\",\"url\":\"http:\/\/www.hotelscaligero.com\/wp-content\/uploads\/2026\/01\/logo.png\",\"contentUrl\":\"http:\/\/www.hotelscaligero.com\/wp-content\/uploads\/2026\/01\/logo.png\",\"width\":275,\"height\":42,\"caption\":\"Hotel Scaligero\"},\"image\":{\"@id\":\"https:\/\/www.hotelscaligero.com\/#\/schema\/logo\/image\/\"}}]}<\/script>\n<!-- \/ Yoast SEO plugin. -->","yoast_head_json":{"title":"Business-Hotel in Sommacampagna | Dienstleistungen Hotel Scaligero","description":"Hotel in Sommacampagna mit Fr\u00fchst\u00fcck, WLAN und kostenlosen Parkpl\u00e4tzen. Strategisch g\u00fcnstige Lage in der N\u00e4he des Flughafens Verona und der Autobahn A4.","robots":{"index":"index","follow":"follow","max-snippet":"max-snippet:-1","max-image-preview":"max-image-preview:large","max-video-preview":"max-video-preview:-1"},"canonical":"https:\/\/www.hotelscaligero.com\/de\/infos-und-dienstleistungen\/","og_locale":"de_DE","og_type":"article","og_title":"Business-Hotel in Sommacampagna | Dienstleistungen Hotel Scaligero","og_description":"Hotel in Sommacampagna mit Fr\u00fchst\u00fcck, WLAN und kostenlosen Parkpl\u00e4tzen. Strategisch g\u00fcnstige Lage in der N\u00e4he des Flughafens Verona und der Autobahn A4.","og_url":"https:\/\/www.hotelscaligero.com\/de\/infos-und-dienstleistungen\/","og_site_name":"Hotel Scaligero","article_modified_time":"2026-03-23T08:18:15+00:00","og_image":[{"width":1920,"height":1309,"url":"https:\/\/www.hotelscaligero.com\/wp-content\/uploads\/2026\/01\/MA0_1991.jpg","type":"image\/jpeg"}],"twitter_card":"summary_large_image","twitter_misc":{"Gesch\u00e4tzte Lesezeit":"3\u00a0Minuten"},"schema":{"@context":"https:\/\/schema.org","@graph":[{"@type":"WebPage","@id":"https:\/\/www.hotelscaligero.com\/de\/infos-und-dienstleistungen\/","url":"https:\/\/www.hotelscaligero.com\/de\/infos-und-dienstleistungen\/","name":"Business-Hotel in Sommacampagna | Dienstleistungen Hotel Scaligero","isPartOf":{"@id":"https:\/\/www.hotelscaligero.com\/#website"},"primaryImageOfPage":{"@id":"https:\/\/www.hotelscaligero.com\/de\/infos-und-dienstleistungen\/#primaryimage"},"image":{"@id":"https:\/\/www.hotelscaligero.com\/de\/infos-und-dienstleistungen\/#primaryimage"},"thumbnailUrl":"https:\/\/www.hotelscaligero.com\/wp-content\/uploads\/2026\/01\/MA0_1991.jpg","datePublished":"2026-01-22T09:00:14+00:00","dateModified":"2026-03-23T08:18:15+00:00","description":"Hotel in Sommacampagna mit Fr\u00fchst\u00fcck, WLAN und kostenlosen Parkpl\u00e4tzen. Strategisch g\u00fcnstige Lage in der N\u00e4he des Flughafens Verona und der Autobahn A4.","breadcrumb":{"@id":"https:\/\/www.hotelscaligero.com\/de\/infos-und-dienstleistungen\/#breadcrumb"},"inLanguage":"de","potentialAction":[{"@type":"ReadAction","target":["https:\/\/www.hotelscaligero.com\/de\/infos-und-dienstleistungen\/"]}]},{"@type":"ImageObject","inLanguage":"de","@id":"https:\/\/www.hotelscaligero.com\/de\/infos-und-dienstleistungen\/#primaryimage","url":"https:\/\/www.hotelscaligero.com\/wp-content\/uploads\/2026\/01\/MA0_1991.jpg","contentUrl":"https:\/\/www.hotelscaligero.com\/wp-content\/uploads\/2026\/01\/MA0_1991.jpg","width":1920,"height":1309,"caption":"Hotel a Sommacampagna"},{"@type":"BreadcrumbList","@id":"https:\/\/www.hotelscaligero.com\/de\/infos-und-dienstleistungen\/#breadcrumb","itemListElement":[{"@type":"ListItem","position":1,"name":"Home","item":"https:\/\/www.hotelscaligero.com\/de\/"},{"@type":"ListItem","position":2,"name":"Infos und Dienstleistungen"}]},{"@type":"WebSite","@id":"https:\/\/www.hotelscaligero.com\/#website","url":"https:\/\/www.hotelscaligero.com\/","name":"Hotel Scaligero","description":"Hotel Scaligero","publisher":{"@id":"https:\/\/www.hotelscaligero.com\/#organization"},"potentialAction":[{"@type":"SearchAction","target":{"@type":"EntryPoint","urlTemplate":"https:\/\/www.hotelscaligero.com\/?s={search_term_string}"},"query-input":{"@type":"PropertyValueSpecification","valueRequired":true,"valueName":"search_term_string"}}],"inLanguage":"de"},{"@type":"Organization","@id":"https:\/\/www.hotelscaligero.com\/#organization","name":"Hotel Scaligero","url":"https:\/\/www.hotelscaligero.com\/","logo":{"@type":"ImageObject","inLanguage":"de","@id":"https:\/\/www.hotelscaligero.com\/#\/schema\/logo\/image\/","url":"http:\/\/www.hotelscaligero.com\/wp-content\/uploads\/2026\/01\/logo.png","contentUrl":"http:\/\/www.hotelscaligero.com\/wp-content\/uploads\/2026\/01\/logo.png","width":275,"height":42,"caption":"Hotel Scaligero"},"image":{"@id":"https:\/\/www.hotelscaligero.com\/#\/schema\/logo\/image\/"}}]}},"_links":{"self":[{"href":"https:\/\/www.hotelscaligero.com\/de\/wp-json\/wp\/v2\/pages\/497","targetHints":{"allow":["GET"]}}],"collection":[{"href":"https:\/\/www.hotelscaligero.com\/de\/wp-json\/wp\/v2\/pages"}],"about":[{"href":"https:\/\/www.hotelscaligero.com\/de\/wp-json\/wp\/v2\/types\/page"}],"author":[{"embeddable":true,"href":"https:\/\/www.hotelscaligero.com\/de\/wp-json\/wp\/v2\/users\/1"}],"replies":[{"embeddable":true,"href":"https:\/\/www.hotelscaligero.com\/de\/wp-json\/wp\/v2\/comments?post=497"}],"version-history":[{"count":5,"href":"https:\/\/www.hotelscaligero.com\/de\/wp-json\/wp\/v2\/pages\/497\/revisions"}],"predecessor-version":[{"id":544,"href":"https:\/\/www.hotelscaligero.com\/de\/wp-json\/wp\/v2\/pages\/497\/revisions\/544"}],"wp:featuredmedia":[{"embeddable":true,"href":"https:\/\/www.hotelscaligero.com\/de\/wp-json\/wp\/v2\/media\/342"}],"wp:attachment":[{"href":"https:\/\/www.hotelscaligero.com\/de\/wp-json\/wp\/v2\/media?parent=497"}],"curies":[{"name":"wp","href":"https:\/\/api.w.org\/{rel}","templated":true}]}}